{"id":2,"date":"2018-12-20T15:46:11","date_gmt":"2018-12-20T15:46:11","guid":{"rendered":"https:\/\/www.habana-real.com\/?page_id=2"},"modified":"2019-07-21T16:40:57","modified_gmt":"2019-07-21T16:40:57","slug":"sample-page","status":"publish","type":"page","link":"https:\/\/www.habana-real.com\/","title":{"rendered":"Hostal"},"content":{"rendered":"\n<div class=\"responsive-tabs\">\n<h2 class=\"tabtitle\">Espa\u00f1ol<\/h2>\n<div class=\"tabcontent\">\n\n\n\n\n<p>Nuestra casa particular Habana Real est\u00e1 ubicada en el centro de La Habana (Centro Habana) al lado de Malec\u00f3n y Capitolio, entre las calles Galeano y Neptuno, en la legendaria calle Virtudes, cerca del casco hist\u00f3rico de La Habana Vieja en el este. M\u00e1s all\u00e1 de su ubicaci\u00f3n en el coraz\u00f3n de la ciudad, Centro Habana es considerado el v\u00ednculo entre La Habana hist\u00f3rica y la modernidad y forma el centro tradicional de La Habana.<br><br><\/p>\n\n\n\n\n<\/div><h2 class=\"tabtitle\">English<\/h2>\n<div class=\"tabcontent\">\n\n\n\n\n<p>Our private guest house <em>Habana Real<\/em> is located in the center of  Havana (Centro Habana) next to Malec\u00f3n and Capitolio, between Calle  Galeano and Neptuno in the legendary Street Virtudes close to the  historic old town Havana Vieja in the East. In addition to its  centrality Centro Habana represents the link between the historic Havana  and modernity. It is the traditional center of Havana.<br><br><\/p>\n\n\n\n\n<\/div><h2 class=\"tabtitle\">Deutsch<\/h2>\n<div class=\"tabcontent\">\n\n\n\n\n<p>Unser G\u00e4stehaus <em>Habana Real<\/em>  befindet sich zentral in Havannas  Mitte (Centro Habana) neben Malec\u00f3n und Kapitol, zwischen Calle Galeano  und Neptuno in der legend\u00e4ren Stra\u00dfe Virtudes nahe der historischen  Altstadt Habana Vieja im Osten. \u00dcber seine Lage inmitten der Stadt  hinaus gilt Centro Habana als das Bindeglied zwischen dem historischen  Havanna und der Moderne und bildet das traditionelle Zentrum Havannas.<br><br><\/p>\n\n\n\n\n<\/div><h2 class=\"tabtitle\">Fran\u00e7ais<\/h2>\n<div class=\"tabcontent\">\n\n\n\n\n<p>Notre maison  priv\u00e9e Habana Real est situ\u00e9e dans le centre de La Havane (Centro  Habana), \u00e0 c\u00f4t\u00e9 de Malec\u00f3n et Capitolio, entre les rues Galeano et  Neptuno, dans la l\u00e9gendaire rue des Virtudes, pr\u00e8s du centre historique  du Vieux Havana \u00e0 l&#8217;est. Au-del\u00e0 de son emplacement au coeur de la  ville, Centro Habana est consid\u00e9r\u00e9 comme le lien entre la Havane  historique et la modernit\u00e9 et constitue le centre traditionnel de La  Havane.<br><br><\/p>\n\n\n\n\n<\/div><h2 class=\"tabtitle\">Italiano<\/h2>\n<div class=\"tabcontent\">\n\n\n\n\n<p>La nostra casa privata Habana Real si trova nel centro di L&#8217;Avana (Centro Habana), vicino al Malec\u00f3n e Capitol Street tra Galeano e Neptuno, nel leggendario via Virtudes, nei pressi del centro storico di L&#8217;Avana Vecchia a \u00e8. Oltre alla sua posizione nel cuore della citt\u00e0, Centro Habana \u00e8 considerato il legame tra storia e modernit\u00e0 Avana ed \u00e8 il tradizionale centro di L&#8217;Avana.<br><br><\/p>\n\n\n\n<\/div><\/div>\n","protected":false},"excerpt":{"rendered":"<p>Nuestra casa particular Habana Real est\u00e1 ubicada en el centro de La Habana (Centro Habana) al lado de Malec\u00f3n y Capitolio, entre las calles Galeano y Neptuno, en la legendaria calle Virtudes, cerca del casco hist\u00f3rico de La Habana Vieja en el este. M\u00e1s all\u00e1 de su ubicaci\u00f3n en el coraz\u00f3n de la ciudad, Centro [&hellip;]<\/p>\n","protected":false},"author":1,"featured_media":0,"parent":0,"menu_order":0,"comment_status":"closed","ping_status":"open","template":"","meta":{"footnotes":""},"_links":{"self":[{"href":"https:\/\/www.habana-real.com\/index.php\/wp-json\/wp\/v2\/pages\/2"}],"collection":[{"href":"https:\/\/www.habana-real.com\/index.php\/wp-json\/wp\/v2\/pages"}],"about":[{"href":"https:\/\/www.habana-real.com\/index.php\/wp-json\/wp\/v2\/types\/page"}],"author":[{"embeddable":true,"href":"https:\/\/www.habana-real.com\/index.php\/wp-json\/wp\/v2\/users\/1"}],"replies":[{"embeddable":true,"href":"https:\/\/www.habana-real.com\/index.php\/wp-json\/wp\/v2\/comments?post=2"}],"version-history":[{"count":16,"href":"https:\/\/www.habana-real.com\/index.php\/wp-json\/wp\/v2\/pages\/2\/revisions"}],"predecessor-version":[{"id":93,"href":"https:\/\/www.habana-real.com\/index.php\/wp-json\/wp\/v2\/pages\/2\/revisions\/93"}],"wp:attachment":[{"href":"https:\/\/www.habana-real.com\/index.php\/wp-json\/wp\/v2\/media?parent=2"}],"curies":[{"name":"wp","href":"https:\/\/api.w.org\/{rel}","templated":true}]}}