{"id":14,"date":"2018-12-20T16:05:28","date_gmt":"2018-12-20T16:05:28","guid":{"rendered":"https:\/\/www.habana-real.com\/?page_id=14"},"modified":"2019-07-25T16:23:26","modified_gmt":"2019-07-25T16:23:26","slug":"service","status":"publish","type":"page","link":"https:\/\/www.habana-real.com\/index.php\/service\/","title":{"rendered":"Service"},"content":{"rendered":"\n<div class=\"responsive-tabs\">\n<h2 class=\"tabtitle\">Espa\u00f1ol<\/h2>\n<div class=\"tabcontent\">\n\n\n\n\n<ul><li>Recepci\u00f3n 24h<\/li><li>Dep\u00f3sito de equipajes<\/li><li>Desayuno rico y reci\u00e9n preparado<\/li><li>Bar de la casa con refrescos locales, fruta fresca y jugos de fruta fresca hechos en casa<\/li><li>Visita guiada de la ciudad (3-4 horas) en espa\u00f1ol, ingl\u00e9s o franc\u00e9s<\/li><li>Visita guiada de una hora a Centro Habana (incluida) en espa\u00f1ol, ingl\u00e9s o franc\u00e9s<\/li><li>Servicio de lavander\u00eda<\/li><li>Amplia azotea con cafeter\u00eda<\/li><li>Sal\u00f3n con TV grande<\/li><li>Personal extremadamente servicial y muchas recomendaciones y consejos\u2026.<br><br><\/li><\/ul>\n\n\n\n\n<\/div><h2 class=\"tabtitle\">English<\/h2>\n<div class=\"tabcontent\">\n\n\n\n\n<ul><li>24h Reception<\/li><li>Luggage storage<\/li><li>Luscious fresh prepared breakfast<\/li><li>House bar with local refreshments, fresh fruits and homemade fresh fruit juices<\/li><li>Guided city tour (3-4 hours) in Spanish, English or French<\/li><li>One hour walking tour Centro Habana (included) in Spanisch, English or French<\/li><li>Laundry service<\/li><li>Generous rooftop terrace with cafeteria<\/li><li>Lounge with large TV<\/li><li>Extremely helpful staff and lots of recommendations and hints&#8230;<br><br><\/li><\/ul>\n\n\n\n\n<\/div><h2 class=\"tabtitle\">Deutsch<\/h2>\n<div class=\"tabcontent\">\n\n\n\n\n<ul><li>24h Rezeption<\/li><li>Gep\u00e4ckaufbewahrung<\/li><li>\u00dcppiges, frisch zubereitetes Fr\u00fchst\u00fcck<\/li><li>Hausbar mit landes\u00fcblichen Erfrischungsgetr\u00e4nken, frischem Obst und selbstgemachten frischen Obsts\u00e4ften<\/li><li>Stadtf\u00fchrung (3-4 Stunden) in Spanisch, English oder Franz\u00f6sisch<\/li><li>Einst\u00fcndige Stadtf\u00fchrung in Centro Habana (inklusive) in Spanisch, English oder Franz\u00f6sisch<\/li><li>W\u00e4scheservice<\/li><li>Gro\u00dfz\u00fcgige Dachterrasse mit Cafeteria<\/li><li>Aufenthaltsraum mit gro\u00dfem TV<\/li><li>\u00c4u\u00dferst hilfsbereites Personal und jede Menge Empfehlungen und Tipps&#8230;<br><br><\/li><\/ul>\n\n\n\n\n<\/div><h2 class=\"tabtitle\">Fran\u00e7ais<\/h2>\n<div class=\"tabcontent\">\n\n\n\n\n<ul><li>R\u00e9ception 24 heures<\/li><li>D\u00e9p\u00f4ts de bagages<\/li><li>Petits d\u00e9jeuners copieux et fra\u00eechement pr\u00e9par\u00e9s <\/li><li>Bar House avec boissons sans alcool locales, fruits frais et jus de fruits frais faits maison<\/li><li>Visite guid\u00e9e de la ville (3-4 heures) en espagnol, anglais ou fran\u00e7ais<\/li><li>Visite guid\u00e9e d&#8217;une heure du centre-ville (incluse) en espagnol, anglais ou fran\u00e7ais.<\/li><li>Service de blanchisserie<\/li><li>Grande terrasse sur le toit avec caf\u00e9t\u00e9ria<\/li><li>salon avec grande t\u00e9l\u00e9vision<\/li><li>Le personnel extr\u00eamement utile et de nombreuses recommandations et conseils&#8230;<br><br><\/li><\/ul>\n\n\n\n\n<\/div><h2 class=\"tabtitle\">Italiano<\/h2>\n<div class=\"tabcontent\">\n\n\n\n\n<ul><li>Reception aperta 24 ore al giorno<\/li><li>Deposito Bagagli <\/li><li>Colazioni abbondanti e preparate al momento<\/li><li>Bar House con bibite locali, frutta fresca e succo di frutta fresco fatto in casa<\/li><li>Visita guidata della citt\u00e0 (3-4 ore) in spagnolo, inglese o francese<\/li><li>Visita guidata della citt\u00e0 di un&#8217;ora (inclusa) in spagnolo, inglese o francese.<\/li><li>Servizio di lavanderia<\/li><li>Grande terrazza sul tetto con caffetteria<\/li><li>sala con grande TV<\/li><li>Personale estremamente disponibile e molti consigli e consigli&#8230;<br><br><\/li><\/ul>\n\n\n\n<\/div><\/div>\n","protected":false},"excerpt":{"rendered":"<p>Recepci\u00f3n 24h Dep\u00f3sito de equipajes Desayuno rico y reci\u00e9n preparado Bar de la casa con refrescos locales, fruta fresca y jugos de fruta fresca hechos en casa Visita guiada de la ciudad (3-4 horas) en espa\u00f1ol, ingl\u00e9s o franc\u00e9s Visita guiada de una hora a Centro Habana (incluida) en espa\u00f1ol, ingl\u00e9s o franc\u00e9s Servicio de [&hellip;]<\/p>\n","protected":false},"author":1,"featured_media":0,"parent":0,"menu_order":2,"comment_status":"closed","ping_status":"closed","template":"","meta":{"footnotes":""},"_links":{"self":[{"href":"https:\/\/www.habana-real.com\/index.php\/wp-json\/wp\/v2\/pages\/14"}],"collection":[{"href":"https:\/\/www.habana-real.com\/index.php\/wp-json\/wp\/v2\/pages"}],"about":[{"href":"https:\/\/www.habana-real.com\/index.php\/wp-json\/wp\/v2\/types\/page"}],"author":[{"embeddable":true,"href":"https:\/\/www.habana-real.com\/index.php\/wp-json\/wp\/v2\/users\/1"}],"replies":[{"embeddable":true,"href":"https:\/\/www.habana-real.com\/index.php\/wp-json\/wp\/v2\/comments?post=14"}],"version-history":[{"count":10,"href":"https:\/\/www.habana-real.com\/index.php\/wp-json\/wp\/v2\/pages\/14\/revisions"}],"predecessor-version":[{"id":99,"href":"https:\/\/www.habana-real.com\/index.php\/wp-json\/wp\/v2\/pages\/14\/revisions\/99"}],"wp:attachment":[{"href":"https:\/\/www.habana-real.com\/index.php\/wp-json\/wp\/v2\/media?parent=14"}],"curies":[{"name":"wp","href":"https:\/\/api.w.org\/{rel}","templated":true}]}}