{"id":12,"date":"2018-12-20T16:04:48","date_gmt":"2018-12-20T16:04:48","guid":{"rendered":"https:\/\/www.habana-real.com\/?page_id=12"},"modified":"2023-12-29T00:59:36","modified_gmt":"2023-12-29T00:59:36","slug":"rooms","status":"publish","type":"page","link":"https:\/\/www.habana-real.com\/index.php\/rooms\/","title":{"rendered":"Rooms"},"content":{"rendered":"\n<div class=\"responsive-tabs\">\n<h2 class=\"tabtitle\">Espa\u00f1ol<\/h2>\n<div class=\"tabcontent\">\n\n\n\n\n<p>Habitaciones individuales, dobles o triples<br> cada uno con ba\u00f1o privado, caja fuerte y minibar\/refrigerador<br> Ropa de cama, toallas y limpieza diaria incluida.<br> 24 horas de agua fr\u00eda y caliente, presi\u00f3n de agua agradablemente alta<br> cada habitaci\u00f3n con conexiones de 110 y 220 voltios<br><br><\/p>\n\n\n\n\n<\/div><h2 class=\"tabtitle\">English<\/h2>\n<div class=\"tabcontent\">\n\n\n\n\n<p>Single, double or triple rooms<br>each with own bathroom, safe and mini bar\/fridge<br>bedding, towels and daily cleaning  included<br>24h cold and hot water, great water pressure<br>each room with 110 and 220 volt connections<br><br><\/p>\n\n\n\n\n<\/div><h2 class=\"tabtitle\">Deutsch<\/h2>\n<div class=\"tabcontent\">\n\n\n\n\n<p>Einzel-, Doppel- oder Dreibettzimmer<br> jeweils mit eigenem Badezimmer, Safe und Minibar\/K\u00fchlschrank<br> Bettw\u00e4sche, Handt\u00fccher und t\u00e4gliche Reinigung inklusive<br> 24h Kalt- und Warmwasser, angenehm hoher Wasserdruck<br> jedes Zimmer mit 110 und 220 Volt Anschl\u00fcssen<br><br><\/p>\n\n\n\n\n<\/div><h2 class=\"tabtitle\">Fran\u00e7ais<\/h2>\n<div class=\"tabcontent\">\n\n\n\n\n<p>Chambres simples, doubles ou triples<br>chacune avec salle de bain priv\u00e9e, coffre-fort et minibar \/ r\u00e9frig\u00e9rateur<br>Draps, serviettes et m\u00e9nage quotidien inclus.<br>24 heures d&#8217;eau chaude et froide, pression agr\u00e9ablement \u00e9lev\u00e9e<br>chaque pi\u00e8ce avec des connexions de 110 et 220 volt<br><br><\/p>\n\n\n\n\n<\/div><h2 class=\"tabtitle\">Italiano<\/h2>\n<div class=\"tabcontent\">\n\n\n\n\n<p>Camere singole, doppie o triple ognuna con bagno privato, cassaforte e minibar \/ frigorifero<br>Lenzuola, asciugamani e pulizia giornaliera inclusi.<br>24 ore di acqua calda e fredda, piacevolmente alta pressione ogni pezzo con connessioni da 110 e 220<br><br><\/p>\n\n\n\n<\/div><\/div>\n\n\n\n<figure class=\"wp-block-gallery columns-0 is-cropped wp-block-gallery-1 is-layout-flex wp-block-gallery-is-layout-flex\"><ul class=\"blocks-gallery-grid\"><\/ul><\/figure>\n","protected":false},"excerpt":{"rendered":"<p>Habitaciones individuales, dobles o triples cada uno con ba\u00f1o privado, caja fuerte y minibar\/refrigerador Ropa de cama, toallas y limpieza diaria incluida. 24 horas de agua fr\u00eda y caliente, presi\u00f3n de agua agradablemente alta cada habitaci\u00f3n con conexiones de 110 y 220 voltios Single, double or triple roomseach with own bathroom, safe and mini bar\/fridgebedding, [&hellip;]<\/p>\n","protected":false},"author":1,"featured_media":0,"parent":0,"menu_order":1,"comment_status":"closed","ping_status":"closed","template":"","meta":{"footnotes":""},"_links":{"self":[{"href":"https:\/\/www.habana-real.com\/index.php\/wp-json\/wp\/v2\/pages\/12"}],"collection":[{"href":"https:\/\/www.habana-real.com\/index.php\/wp-json\/wp\/v2\/pages"}],"about":[{"href":"https:\/\/www.habana-real.com\/index.php\/wp-json\/wp\/v2\/types\/page"}],"author":[{"embeddable":true,"href":"https:\/\/www.habana-real.com\/index.php\/wp-json\/wp\/v2\/users\/1"}],"replies":[{"embeddable":true,"href":"https:\/\/www.habana-real.com\/index.php\/wp-json\/wp\/v2\/comments?post=12"}],"version-history":[{"count":9,"href":"https:\/\/www.habana-real.com\/index.php\/wp-json\/wp\/v2\/pages\/12\/revisions"}],"predecessor-version":[{"id":110,"href":"https:\/\/www.habana-real.com\/index.php\/wp-json\/wp\/v2\/pages\/12\/revisions\/110"}],"wp:attachment":[{"href":"https:\/\/www.habana-real.com\/index.php\/wp-json\/wp\/v2\/media?parent=12"}],"curies":[{"name":"wp","href":"https:\/\/api.w.org\/{rel}","templated":true}]}}